{"id":113,"date":"2024-06-04T19:50:52","date_gmt":"2024-06-04T19:50:52","guid":{"rendered":"http:\/\/boutique-hockey-peewee.local\/?page_id=113"},"modified":"2024-08-15T15:28:29","modified_gmt":"2024-08-15T19:28:29","slug":"privacy-statement","status":"publish","type":"page","link":"https:\/\/boutique.attica-international.com\/en\/declaration-de-confidentialite\/","title":{"rendered":"Privacy statement"},"content":{"rendered":"<section class=\"bde-section-113-100 bde-section\">\n  \n  \n\t\n\n\n\n<div class=\"section-container\"><div class=\"bde-div-113-101 bde-div\">\n  \n  \n\t\n\n\n\n<div class=\"bde-div-113-102 bde-div zigzag\">\n  \n  \n\t\n\n\n\n\n<\/div><div class=\"bde-div-113-103 bde-div\">\n  \n  \n\t\n\n\n\n<h1 class=\"bde-heading-113-104 bde-heading\">\nPrivacy statement\n<\/h1>\n<\/div><div class=\"bde-div-113-105 bde-div zigzag\">\n  \n  \n\t\n\n\n\n\n<\/div>\n<\/div><div class=\"bde-div-113-106 bde-div\">\n  \n  \n\t\n\n\n\n<div class=\"bde-rich-text-113-107 bde-rich-text breakdance-rich-text-styles\">\n<div id=\"cmplz-document\" class=\"cmplz-document privacy-statement cmplz-document-ca\">\n<p><i>This privacy statement was last modified on August 7, 2024, last verified on August 7, 2024, and applies to citizens and legal permanent residents of Canada.<\/i><br \/><br \/><\/p>\n<p>In this privacy statement, we explain what we do with the data we obtain about you via https:\/\/boutique.attica-international.com\/. We recommend that you read this declaration carefully. When we process your data, we comply with the requirements of privacy legislation. This means, among other things, that:<\/p>\n<ul>\n<li>we clearly indicate the purposes for which we process personal data. We do this by means of this privacy statement;<\/li>\n<li>we aim to limit our collection of personal data to that which is necessary for legitimate purposes;<\/li>\n<li>we first ask for your explicit consent to process your personal data in cases requiring your consent;<\/li>\n<li>we take appropriate security measures to protect your personal data, and we require the same of parties processing personal data on our behalf;<\/li>\n<li>we respect your right to consult, correct or delete your personal data if you so request.<\/li>\n<\/ul>\nIf you have any questions or would like to know exactly what data we store, please contact us.\n<h2>1. Purpose and categories of data<\/h2>\n<p>We may collect or receive personal information for a number of reasons related to our business activities, including the following: <\/p>\n<div>\n<h3>\u00a0<\/h3>\n<h3>1.1 Payment<\/h3>\n<\/div>\n<p class=\"cmplz-subtitle\">The following categories of data are collected<\/p>\n<ul>\n<li>A first and last name<\/li>\n<li>A home or other physical address, including a street name and the name of a town or village<\/li>\n<li>An e-mail address<\/li>\n<li>A telephone number<\/li>\n<li>IP address<\/li>\n<li>Financial information such as bank account or credit card number<\/li>\n<\/ul>\n<p class=\"cmplz-subtitle\">Shelf life<\/p>\n<p>We keep this data until the end of the service.<\/p>\n<div>\n<h3>\u00a0<\/h3>\n<h3>1.2 Contact - By telephone, mail, e-mail and\/or web forms<\/h3>\n<\/div>\n<p class=\"cmplz-subtitle\">The following categories of data are collected<\/p>\n<ul>\n<li>A first and last name<\/li>\n<li>An e-mail address<\/li>\n<li>A telephone number<\/li>\n<li>IP address<\/li>\n<\/ul>\n<p class=\"cmplz-subtitle\">Shelf life<\/p>\n<p>At the end of the service, we keep this data for the following number of months: 60<\/p>\n<div>\n<h3>\u00a0<\/h3>\n<h3>1.3 Newsletters<\/h3>\n<\/div>\n<p class=\"cmplz-subtitle\">The following categories of data are collected<\/p>\n<ul>\n<li>A first and last name<\/li>\n<li>An e-mail address<\/li>\n<li>IP address<\/li>\n<\/ul>\n<p class=\"cmplz-subtitle\">Shelf life<\/p>\n<p>At the end of the service, we keep this data for the following number of months: 60<\/p>\n<div>\n<h3>\u00a0<\/h3>\n<h3>1.4 Compile and analyze statistics to improve the website.<\/h3>\n<\/div>\n<p class=\"cmplz-subtitle\">The following categories of data are collected<\/p>\n<ul>\n<li>IP address<\/li>\n<li>Information about Internet activity, including, but not limited to, browsing history, search history and information about a consumer's interaction with a website, application or Internet advertisement<\/li>\n<\/ul>\n<p class=\"cmplz-subtitle\">Shelf life<\/p>\n<p>At the end of the service, we keep this data for the following number of months: 60<\/p>\n<div>\n<h3>\u00a0<\/h3>\n<h3>1.5 Selling or sharing data with a third party<\/h3>\n<\/div>\n<p class=\"cmplz-subtitle\">The following categories of data are collected<\/p>\n<ul>\n<li>A first and last name<\/li>\n<li>A home or other physical address, including a street name and the name of a town or village<\/li>\n<li>An e-mail address<\/li>\n<li>A telephone number<\/li>\n<li>IP address<\/li>\n<li>Information about Internet activity, including, but not limited to, browsing history, search history and information about a consumer's interaction with a website, application or Internet advertisement<\/li>\n<li>Financial information such as bank account or credit card number<\/li>\n<\/ul>\n<p class=\"cmplz-subtitle\">Shelf life<\/p>\n<p>At the end of the service, we keep this data for the following number of months: 60<\/p>\n<div>\n<h3>\u00a0<\/h3>\n<h3>1.6 Deliveries<\/h3>\n<\/div>\n<p class=\"cmplz-subtitle\">The following categories of data are collected<\/p>\n<ul>\n<li>A first and last name<\/li>\n<li>A home or other physical address, including a street name and the name of a town or village<\/li>\n<li>An e-mail address<\/li>\n<li>A telephone number<\/li>\n<li>IP address<\/li>\n<\/ul>\n<p class=\"cmplz-subtitle\">Shelf life<\/p>\n<p>At the end of the service, we keep this data for the following number of months: 60<\/p>\n<h2>2. Sharing with other parties<\/h2>\n<p>We only share or disclose this data to other recipients for the following purposes:<\/p>\n<p><b>Purpose of data transfer :<\/b>\u00a0Hosting and programming<br \/><b>Country or state in which this service provider is located :<\/b>\u00a0Canada<\/p>\n<h2>3. Disclosure practices<\/h2>\n<p>We disclose personal information if we are required to do so by law or court order, in response to a law enforcement agency, to the extent permitted by other provisions of law, to provide information, or for the investigation of a matter related to public safety.<\/p>\n<p>If our website or organization is taken over, sold or involved in a merger or acquisition, your data may be disclosed to our advisors and any potential buyer and will be passed on to the new owners.<\/p>\n<h2>4. How we respond to Do Not Track requests &amp; Global Privacy Control<\/h2>\n<p>Our website does not support or respond to the Do Not Track (DNT) HTTP request header.<\/p>\n<h2>5. Cookies<\/h2>\n<p>Our website uses cookies. For more information on cookies, please refer to our Cookie Policy on our website. <a href=\"\/en\/cookie-policy\/\">Cookie policy<\/a>.\u00a0<\/p>\n<p>The inclusion of complete IP addresses is blocked by us.<\/p>\n<h2>6. Security<\/h2>\n<p>We are committed to the security of personal data. We take appropriate security measures to limit misuse and unauthorized access to personal data. This ensures that only the necessary people have access to your data, that access to data is protected and that our security measures are regularly reviewed.<\/p>\n<h2>7. Third-party websites<\/h2>\n<p>This privacy statement does not apply to third-party websites linked to our website. We cannot guarantee that these third parties manage your personal data in a reliable or secure manner. We recommend that you read the privacy statements of these websites before using them.<\/p>\n<h2>8. Changes to this privacy statement<\/h2>\n<p>We reserve the right to modify this privacy statement. We recommend that you check this privacy statement regularly for any changes. In addition, we will actively inform you whenever possible.<\/p>\n<h2>9. Access and modify your data<\/h2>\n<p>If you have any questions, or would like to know what personal data we store about you, please contact us. Please ensure that you always clearly identify yourself, so that we can be sure that we are not altering or deleting the data of the wrong person. We will only provide requested information when we receive a request from a verifiable consumer. You can contact us using the details below.<\/p>\n<p class=\"cmplz-subtitle\">9.1 You have the following rights regarding your personal data<\/p>\n<ol class=\"alphabetic\">\n<li>You can send a request for access to the data we process about you.<\/li>\n<li>You can request an overview, in a commonly used format, of the data we process about you.<\/li>\n<li>You may request the correction or deletion of data if it is incorrect or no longer relevant. Where appropriate, amended information will be passed on to third parties who have access to the information in question.<\/li>\n<li>You have the right to withdraw your consent at any time, subject to contractual or legal restrictions and reasonable notice. You will be informed of the implications of such withdrawal.<\/li>\n<li>You have the right to object to our organization's failure to comply with PIPEDA and, if the matter remains unresolved, to the Office of the Privacy Commissioner of Canada.<\/li>\n<li>We will provide access to personal information in an alternative format to any individual with a sensory disability and the right to access personal information under the GDPR, where the individual requests that it be provided in that alternative format if (a) a version of the information already exists in that format; or (b) conversion to that format is reasonable and necessary in order for the individual to exercise his or her rights.<\/li>\n<\/ol>\n<h2>10. Children<\/h2>\n<p>Our website is not designed for children and it is not our intention to collect personal data from children under the age of consent in their country of residence. We therefore ask children under the age of consent not to send us any personal data.<\/p>\n<h2>11. Contact details<\/h2>\n<p>Attica International<br \/>250-G Boul.Hamel, Qu\u00e9bec, QC G1L 5A7 Canada<br \/>Website : <a href=\"https:\/\/boutique.attica-international.com\/en\/\">https:\/\/boutique.attica-international.com\/<\/a><br \/>E-mail: info@attica-international.com <br \/>Telephone number: 418-524-3311<\/p>\n<p>We have appointed a person to contact about the organization's policies and practices, and to whom any complaints or inquiries can be forwarded:<br \/>Bruno Dufour<br \/>250-G Boul.Hamel, Quebec, QC G1L 5A7<\/p>\n<\/div>\n<\/div>\n<\/div><\/div>\n<\/section>","protected":false},"excerpt":{"rendered":"<p>D\u00e9claration de confidentialit\u00e9 Cette d\u00e9claration de confidentialit\u00e9 a \u00e9t\u00e9 modifi\u00e9e pour la derni\u00e8re fois le 7 ao\u00fbt 2024, v\u00e9rifi\u00e9e pour la derni\u00e8re fois le 7 ao\u00fbt 2024, et s\u2019applique aux citoyens et aux r\u00e9sidents permanents l\u00e9gaux du Canada. Dans cette d\u00e9claration de confidentialit\u00e9, nous expliquons ce que nous faisons avec les donn\u00e9es que nous obtenons [&hellip;]<\/p>\n","protected":false},"author":1,"featured_media":1378,"parent":0,"menu_order":0,"comment_status":"closed","ping_status":"closed","template":"","meta":{"_seopress_robots_primary_cat":"","_seopress_titles_title":"%%post_title%% %%sep%% %%sitetitle%%","_seopress_titles_desc":"Chaque fois que vous utilisez ce site web, vous \u00eates li\u00e9 par la politique de confidentialit\u00e9 alors en vigueur, et vous devez lire ce texte pour vous assurer ...","_seopress_robots_index":"","_breakdance_hide_in_design_set":false,"_breakdance_tags":"","footnotes":""},"hf_cat_page":[],"class_list":["post-113","page","type-page","status-publish","format-standard","has-post-thumbnail","hentry"],"meta_box":[],"_links":{"self":[{"href":"https:\/\/boutique.attica-international.com\/en\/wp-json\/wp\/v2\/pages\/113","targetHints":{"allow":["GET"]}}],"collection":[{"href":"https:\/\/boutique.attica-international.com\/en\/wp-json\/wp\/v2\/pages"}],"about":[{"href":"https:\/\/boutique.attica-international.com\/en\/wp-json\/wp\/v2\/types\/page"}],"author":[{"embeddable":true,"href":"https:\/\/boutique.attica-international.com\/en\/wp-json\/wp\/v2\/users\/1"}],"replies":[{"embeddable":true,"href":"https:\/\/boutique.attica-international.com\/en\/wp-json\/wp\/v2\/comments?post=113"}],"version-history":[{"count":6,"href":"https:\/\/boutique.attica-international.com\/en\/wp-json\/wp\/v2\/pages\/113\/revisions"}],"predecessor-version":[{"id":1340,"href":"https:\/\/boutique.attica-international.com\/en\/wp-json\/wp\/v2\/pages\/113\/revisions\/1340"}],"wp:featuredmedia":[{"embeddable":true,"href":"https:\/\/boutique.attica-international.com\/en\/wp-json\/wp\/v2\/media\/1378"}],"wp:attachment":[{"href":"https:\/\/boutique.attica-international.com\/en\/wp-json\/wp\/v2\/media?parent=113"}],"wp:term":[{"taxonomy":"hf_cat_page","embeddable":true,"href":"https:\/\/boutique.attica-international.com\/en\/wp-json\/wp\/v2\/hf_cat_page?post=113"}],"curies":[{"name":"wp","href":"https:\/\/api.w.org\/{rel}","templated":true}]}}